{"id":140,"date":"2023-10-13T17:03:45","date_gmt":"2023-10-13T17:03:45","guid":{"rendered":"https:\/\/matthias-istel.de\/home\/?page_id=140"},"modified":"2023-12-03T17:56:37","modified_gmt":"2023-12-03T17:56:37","slug":"vita","status":"publish","type":"page","link":"https:\/\/matthias-istel.de\/index.php\/vita\/","title":{"rendered":"Vita"},"content":{"rendered":"[et_pb_section fb_built=&#8220;1&#8243; admin_label=&#8220;section&#8220; _builder_version=&#8220;4.16&#8243; hover_enabled=&#8220;0&#8243; global_colors_info=&#8220;{}&#8220; sticky_enabled=&#8220;0&#8243;][et_pb_row admin_label=&#8220;row&#8220; _builder_version=&#8220;4.16&#8243; background_size=&#8220;initial&#8220; background_position=&#8220;top_left&#8220; background_repeat=&#8220;repeat&#8220; hover_enabled=&#8220;0&#8243; global_colors_info=&#8220;{}&#8220; sticky_enabled=&#8220;0&#8243;][et_pb_column type=&#8220;4_4&#8243; _builder_version=&#8220;4.16&#8243; custom_padding=&#8220;|||&#8220; global_colors_info=&#8220;{}&#8220; custom_padding__hover=&#8220;|||&#8220;][et_pb_text admin_label=&#8220;Text&#8220; _builder_version=&#8220;4.23.1&#8243; background_size=&#8220;initial&#8220; background_position=&#8220;top_left&#8220; background_repeat=&#8220;repeat&#8220; hover_enabled=&#8220;0&#8243; global_colors_info=&#8220;{}&#8220; sticky_enabled=&#8220;0&#8243;]<p><\/p>\n<div class=\"wp-block-columns is-layout-flex wp-container-core-columns-is-layout-9d6595d7 wp-block-columns-is-layout-flex\">\n<p><\/p>\n<div class=\"wp-block-column is-layout-flow wp-block-column-is-layout-flow\" style=\"flex-basis: 66.66%;\">\n<p style=\"text-align: justify;\">Matthias Istel ist der Coach, der den Weg zum Rampenlicht kennt. Urspr\u00fcnglich bewegte er sich auf der B\u00fchne der Film- und Fernsehindustrie, doch seine Leidenschaft f\u00fchrte ihn zu einer neuen Mission: Selbstst\u00e4ndige auf ihrem Weg zu ungeahnter Sichtbarkeit und Erfolg zu begleiten.<\/p>\n<p style=\"text-align: justify;\"><\/p>\n<p style=\"text-align: justify;\">Mit einem Diplom in Sozialwissenschaften und einer IHK-Zertifizierung als TV-Producer, beweist Matthias ein beachtliches Know-how. Doch das ist erst der Anfang. Er ist nicht nur ein Voice Consultant f\u00fcr KI-Sprachassistenten, sondern auch ein staatlich gepr\u00fcfter biologisch-technischer Assistent, EMA-Coach, Life- und Impuls-Coach, aktiver DR Coach und ein erfahrener Trainer in den K\u00fcnsten der Improvisation, des Schauspiels, der Comedy und des Poetry Slam.<\/p>\n<p style=\"text-align: justify;\"><\/p>\n<p style=\"text-align: justify;\">Mit \u00fcber 25 Jahren B\u00fchnenerfahrung und mehr als 20 Jahren in der TV-Produktion, kann er auf eine beeindruckende Liste von Kooperationspartnern verweisen. RTL, SAT1, VOX, RTL2, ARD, SWR, NDR, Endemol, Bavaria Entertainment, Constantin Entertainment, Warner Bros. International Television Production und ITV Studios Germany sind nur einige davon.<\/p>\n<p style=\"text-align: justify;\"><\/p>\n<p style=\"text-align: justify;\">Matthias hat mehr als 100.000 Euro in seine eigene Fortbildung und pers\u00f6nliche Entwicklung investiert, und diese Hingabe spiegelt sich in seinem Coaching wider. Er hilft dabei, innere St\u00e4rken zu entdecken und Strategien zur Zielerreichung zu entwickeln. Seine Workshops zu &#8222;Pr\u00e4senz und Storytelling&#8220; erm\u00f6glichen es Menschen, durch authentisches Erz\u00e4hlen und starke Pr\u00e4senz die Aufmerksamkeit ihres Publikums zu gewinnen.<\/p>\n<p style=\"text-align: justify;\"><\/p>\n<p style=\"text-align: justify;\">Matthias&#8216; Expertise im Selbstbewusstseins-Coaching steigert das Selbstbewusstsein, den Selbstwert und die Selbstliebe, um die k\u00f6nigliche Pr\u00e4senz in jedem von uns zu wecken und zu leben. Er ist auch ein Vorreiter im Einsatz k\u00fcnstlicher Intelligenz im Coaching-Business. Mit seinem &#8222;AI Content Creators Masterclass Bundle&#8220; er\u00f6ffnet er M\u00f6glichkeiten, wie KI gewinnbringend f\u00fcr die Sichtbarkeit genutzt werden kann.<\/p>\n<p style=\"text-align: justify;\"><\/p>\n<p style=\"text-align: justify;\">Mit Matthias Istel an deiner Seite wird Sichtbarkeit und Erfolg zu mehr als nur Schlagworten \u2013 sie werden zur Realit\u00e4t, die du gestaltest und lebst.<\/p>\n<p style=\"text-align: justify;\"><\/p>\n<\/div>\n<p style=\"text-align: justify;\"><\/p>\n<p style=\"text-align: justify;\"><\/p>\n<div class=\"wp-block-column is-layout-flow wp-block-column-is-layout-flow\" style=\"flex-basis: 33.33%;\">\n<p style=\"text-align: justify;\"><\/p>\n<figure class=\"wp-block-image size-large\" style=\"text-align: justify;\"><img loading=\"lazy\" decoding=\"async\" width=\"682\" height=\"1024\" src=\"https:\/\/matthias-istel.de\/home\/wp-content\/uploads\/2023\/10\/Foto-Matthias-Istel-007-682x1024.jpg\" alt=\"\" class=\"wp-image-92\" srcset=\"https:\/\/matthias-istel.de\/home\/wp-content\/uploads\/2023\/10\/Foto-Matthias-Istel-007-682x1024.jpg 682w, https:\/\/matthias-istel.de\/home\/wp-content\/uploads\/2023\/10\/Foto-Matthias-Istel-007-200x300.jpg 200w, https:\/\/matthias-istel.de\/home\/wp-content\/uploads\/2023\/10\/Foto-Matthias-Istel-007-768x1152.jpg 768w, https:\/\/matthias-istel.de\/home\/wp-content\/uploads\/2023\/10\/Foto-Matthias-Istel-007-1024x1536.jpg 1024w, https:\/\/matthias-istel.de\/home\/wp-content\/uploads\/2023\/10\/Foto-Matthias-Istel-007-1365x2048.jpg 1365w, https:\/\/matthias-istel.de\/home\/wp-content\/uploads\/2023\/10\/Foto-Matthias-Istel-007-scaled.jpg 1706w\" sizes=\"(max-width: 682px) 100vw, 682px\" \/><\/figure>\n<p><\/p>\n<\/div>\n<p><\/p>\n<\/div>\n<p><\/p>[\/et_pb_text][\/et_pb_column][\/et_pb_row][\/et_pb_section]","protected":false},"excerpt":{"rendered":"<p>Matthias Istel ist der Coach, der den Weg zum Rampenlicht kennt. Urspr\u00fcnglich bewegte er sich auf der B\u00fchne der Film- und Fernsehindustrie, doch seine Leidenschaft f\u00fchrte ihn zu einer neuen Mission: Selbstst\u00e4ndige auf ihrem Weg zu ungeahnter Sichtbarkeit und Erfolg zu begleiten. Mit einem Diplom in Sozialwissenschaften und einer IHK-Zertifizierung als TV-Producer, beweist Matthias ein [&hellip;]<\/p>\n","protected":false},"author":1,"featured_media":0,"parent":0,"menu_order":0,"comment_status":"closed","ping_status":"closed","template":"","meta":{"_et_pb_use_builder":"on","_et_pb_old_content":"<!-- wp:columns -->\n<div class=\"wp-block-columns\"><!-- wp:column {\"width\":\"66.66%\"} -->\n<div class=\"wp-block-column\" style=\"flex-basis:66.66%\"><!-- wp:paragraph -->\n<p>Matthias Istel ist der Coach, der den Weg zum Rampenlicht kennt. Urspr\u00fcnglich bewegte er sich auf der B\u00fchne der Film- und Fernsehindustrie, doch seine Leidenschaft f\u00fchrte ihn zu einer neuen Mission: Selbstst\u00e4ndige auf ihrem Weg zu ungeahnter Sichtbarkeit und Erfolg zu begleiten.<\/p>\n<!-- \/wp:paragraph -->\n\n<!-- wp:paragraph -->\n<p>Mit einem Diplom in Sozialwissenschaften und einer IHK-Zertifizierung als TV-Producer, beweist Matthias ein beachtliches Know-how. Doch das ist erst der Anfang. Er ist nicht nur ein Voice Consultant f\u00fcr KI-Sprachassistenten, sondern auch ein staatlich gepr\u00fcfter biologisch-technischer Assistent, EMA-Coach, Life- und Impuls-Coach, aktiver DR Coach und ein erfahrener Trainer in den K\u00fcnsten der Improvisation, des Schauspiels, der Comedy und des Poetry Slam.<\/p>\n<!-- \/wp:paragraph -->\n\n<!-- wp:paragraph -->\n<p>Mit \u00fcber 25 Jahren B\u00fchnenerfahrung und mehr als 20 Jahren in der TV-Produktion, kann er auf eine beeindruckende Liste von Kooperationspartnern verweisen. RTL, SAT1, VOX, RTL2, ARD, SWR, NDR, Endemol, Bavaria Entertainment, Constantin Entertainment, Warner Bros. International Television Production und ITV Studios Germany sind nur einige davon.<\/p>\n<!-- \/wp:paragraph -->\n\n<!-- wp:paragraph -->\n<p>Matthias hat mehr als 100.000 Euro in seine eigene Fortbildung und pers\u00f6nliche Entwicklung investiert, und diese Hingabe spiegelt sich in seinem Coaching wider. Er hilft dabei, innere St\u00e4rken zu entdecken und Strategien zur Zielerreichung zu entwickeln. Seine Workshops zu \"Pr\u00e4senz und Storytelling\" erm\u00f6glichen es Menschen, durch authentisches Erz\u00e4hlen und starke Pr\u00e4senz die Aufmerksamkeit ihres Publikums zu gewinnen.<\/p>\n<!-- \/wp:paragraph -->\n\n<!-- wp:paragraph -->\n<p>Matthias' Expertise im Selbstbewusstseins-Coaching steigert das Selbstbewusstsein, den Selbstwert und die Selbstliebe, um die k\u00f6nigliche Pr\u00e4senz in jedem von uns zu wecken und zu leben. Er ist auch ein Vorreiter im Einsatz k\u00fcnstlicher Intelligenz im Coaching-Business. Mit seinem \"AI Content Creators Masterclass Bundle\" er\u00f6ffnet er M\u00f6glichkeiten, wie KI gewinnbringend f\u00fcr die Sichtbarkeit genutzt werden kann.<\/p>\n<!-- \/wp:paragraph -->\n\n<!-- wp:paragraph -->\n<p>Mit Matthias Istel an deiner Seite wird Sichtbarkeit und Erfolg zu mehr als nur Schlagworten \u2013 sie werden zur Realit\u00e4t, die du gestaltest und lebst.<\/p>\n<!-- \/wp:paragraph --><\/div>\n<!-- \/wp:column -->\n\n<!-- wp:column {\"width\":\"33.33%\"} -->\n<div class=\"wp-block-column\" style=\"flex-basis:33.33%\"><!-- wp:image {\"id\":92,\"sizeSlug\":\"large\",\"linkDestination\":\"none\"} -->\n<figure class=\"wp-block-image size-large\"><img src=\"https:\/\/matthias-istel.de\/home\/wp-content\/uploads\/2023\/10\/Foto-Matthias-Istel-007-682x1024.jpg\" alt=\"\" class=\"wp-image-92\"\/><\/figure>\n<!-- \/wp:image --><\/div>\n<!-- \/wp:column --><\/div>\n<!-- \/wp:columns -->","_et_gb_content_width":"","footnotes":""},"class_list":["post-140","page","type-page","status-publish","hentry"],"_links":{"self":[{"href":"https:\/\/matthias-istel.de\/index.php\/wp-json\/wp\/v2\/pages\/140","targetHints":{"allow":["GET"]}}],"collection":[{"href":"https:\/\/matthias-istel.de\/index.php\/wp-json\/wp\/v2\/pages"}],"about":[{"href":"https:\/\/matthias-istel.de\/index.php\/wp-json\/wp\/v2\/types\/page"}],"author":[{"embeddable":true,"href":"https:\/\/matthias-istel.de\/index.php\/wp-json\/wp\/v2\/users\/1"}],"replies":[{"embeddable":true,"href":"https:\/\/matthias-istel.de\/index.php\/wp-json\/wp\/v2\/comments?post=140"}],"version-history":[{"count":6,"href":"https:\/\/matthias-istel.de\/index.php\/wp-json\/wp\/v2\/pages\/140\/revisions"}],"predecessor-version":[{"id":220620,"href":"https:\/\/matthias-istel.de\/index.php\/wp-json\/wp\/v2\/pages\/140\/revisions\/220620"}],"wp:attachment":[{"href":"https:\/\/matthias-istel.de\/index.php\/wp-json\/wp\/v2\/media?parent=140"}],"curies":[{"name":"wp","href":"https:\/\/api.w.org\/{rel}","templated":true}]}}